{"id":108,"date":"2023-06-05T15:24:14","date_gmt":"2023-06-05T21:24:14","guid":{"rendered":"https:\/\/upap.mx\/?page_id=108"},"modified":"2023-06-05T15:38:25","modified_gmt":"2023-06-05T21:38:25","slug":"oferta-educativa","status":"publish","type":"page","link":"https:\/\/upap.mx\/?page_id=108","title":{"rendered":"Oferta educativa"},"content":{"rendered":"\n<p>La UPAP cuenta con un cuerpo docente de gran trayectoria educativa, pues cada uno de ellos cuenta con cursos y diplomados impartidos por la Universidad An\u00e1huac, como son \u201cDesarrollo e Innovaci\u00f3n Educativa\u201d, \u201cEstrategias para Ense\u00f1ar a Aprender\u201d y \u201cEstrategias Metodol\u00f3gicas en la Educaci\u00f3n basadas en Competencias\u201d. As\u00ed como, capacitaci\u00f3n constante por parte de Microsoft en el uso de herramientas, software que atienda necesidades curriculares y espec\u00edficas para los estudiantes. <\/p>\n\n\n\n<p><\/p>\n","protected":false},"excerpt":{"rendered":"<p>La UPAP cuenta con un cuerpo docente de gran trayectoria educativa, pues cada uno de ellos cuenta con cursos y &hellip; <\/p>\n","protected":false},"author":1,"featured_media":0,"parent":0,"menu_order":0,"comment_status":"closed","ping_status":"closed","template":"","meta":[],"_links":{"self":[{"href":"https:\/\/upap.mx\/index.php?rest_route=\/wp\/v2\/pages\/108"}],"collection":[{"href":"https:\/\/upap.mx\/index.php?rest_route=\/wp\/v2\/pages"}],"about":[{"href":"https:\/\/upap.mx\/index.php?rest_route=\/wp\/v2\/types\/page"}],"author":[{"embeddable":true,"href":"https:\/\/upap.mx\/index.php?rest_route=\/wp\/v2\/users\/1"}],"replies":[{"embeddable":true,"href":"https:\/\/upap.mx\/index.php?rest_route=%2Fwp%2Fv2%2Fcomments&post=108"}],"version-history":[{"count":4,"href":"https:\/\/upap.mx\/index.php?rest_route=\/wp\/v2\/pages\/108\/revisions"}],"predecessor-version":[{"id":133,"href":"https:\/\/upap.mx\/index.php?rest_route=\/wp\/v2\/pages\/108\/revisions\/133"}],"wp:attachment":[{"href":"https:\/\/upap.mx\/index.php?rest_route=%2Fwp%2Fv2%2Fmedia&parent=108"}],"curies":[{"name":"wp","href":"https:\/\/api.w.org\/{rel}","templated":true}]}}