{"id":112,"date":"2023-06-05T15:24:54","date_gmt":"2023-06-05T21:24:54","guid":{"rendered":"https:\/\/upap.mx\/?page_id=112"},"modified":"2023-06-05T15:26:00","modified_gmt":"2023-06-05T21:26:00","slug":"nuestros-valores","status":"publish","type":"page","link":"https:\/\/upap.mx\/?page_id=112","title":{"rendered":"Nuestros valores"},"content":{"rendered":"\n<p><strong>Responsabilidad.<\/strong>&nbsp;<\/p>\n\n\n\n<p>Reconocemos nuestro compromiso con la sociedad, el medio ambiente y nuestra instituci\u00f3n y lo cumplimos con diligencia, seriedad y prudencia ejerciendo nuestros derechos y desempe\u00f1ando nuestras obligaciones conscientes de que las cosas deben hacerse bien desde el principio.&nbsp;<\/p>\n\n\n\n<p><strong>Respeto.<\/strong>&nbsp;<\/p>\n\n\n\n<p>Reconocemos y aceptamos la dignidad e ideolog\u00eda de todas las personas sin distinci\u00f3n de credos, razas, condici\u00f3n social, g\u00e9nero, edad, teniendo siempre como compromiso el reconocimiento a la autoridad y las leyes buscando con esto el engrandecimiento de nuestra naci\u00f3n.&nbsp;<\/p>\n\n\n\n<p><strong>Honestidad.<\/strong>&nbsp;<\/p>\n\n\n\n<p>Ser personas autentica y congruentes en nuestras acciones con nuestra forma de ser y de pensar, siendo la verdad nuestra gu\u00eda de conducta demostrando transparencia en todas las situaciones que se nos presentan en la vida diaria.&nbsp;<\/p>\n\n\n\n<p><strong>Puntualidad.<\/strong>&nbsp;<\/p>\n\n\n\n<p>Cumplir con oportunidad nuestras tareas llev\u00e1ndolas a cabo con diligencia y a su debido tiempo, conscientes de que con esta actitud consideramos el tiempo de los dem\u00e1s y las consecuencias de no hacerlo.&nbsp;<\/p>\n\n\n\n<p><strong>Disciplina.<\/strong>&nbsp;<\/p>\n\n\n\n<p>Nuestra actuaci\u00f3n se rige por principios y normas de comportamiento que propician una convivencia sana en un marco de respeto hacia todas las personas que nos rodean, buscando que esta actitud nos lleve al logro de metas, tanto en el \u00e1mbito escolar como personal.&nbsp;<\/p>\n\n\n\n<p><strong>Tenacidad.<\/strong>&nbsp;<\/p>\n\n\n\n<p>Tenemos actitud para cumplir nuestros prop\u00f3sitos y nunca darnos por vencidos, poniendo todo nuestro esfuerzo, empe\u00f1o y resistencia en el logro de las metas, tomando como principales herramientas la perseverancia y la resiliencia.&nbsp;&nbsp;<\/p>\n","protected":false},"excerpt":{"rendered":"<p>Responsabilidad.&nbsp; Reconocemos nuestro compromiso con la sociedad, el medio ambiente y nuestra instituci\u00f3n y lo cumplimos con diligencia, seriedad y &hellip; <\/p>\n","protected":false},"author":1,"featured_media":0,"parent":0,"menu_order":0,"comment_status":"closed","ping_status":"closed","template":"","meta":[],"_links":{"self":[{"href":"https:\/\/upap.mx\/index.php?rest_route=\/wp\/v2\/pages\/112"}],"collection":[{"href":"https:\/\/upap.mx\/index.php?rest_route=\/wp\/v2\/pages"}],"about":[{"href":"https:\/\/upap.mx\/index.php?rest_route=\/wp\/v2\/types\/page"}],"author":[{"embeddable":true,"href":"https:\/\/upap.mx\/index.php?rest_route=\/wp\/v2\/users\/1"}],"replies":[{"embeddable":true,"href":"https:\/\/upap.mx\/index.php?rest_route=%2Fwp%2Fv2%2Fcomments&post=112"}],"version-history":[{"count":2,"href":"https:\/\/upap.mx\/index.php?rest_route=\/wp\/v2\/pages\/112\/revisions"}],"predecessor-version":[{"id":117,"href":"https:\/\/upap.mx\/index.php?rest_route=\/wp\/v2\/pages\/112\/revisions\/117"}],"wp:attachment":[{"href":"https:\/\/upap.mx\/index.php?rest_route=%2Fwp%2Fv2%2Fmedia&parent=112"}],"curies":[{"name":"wp","href":"https:\/\/api.w.org\/{rel}","templated":true}]}}