{"id":136,"date":"2023-06-05T15:46:41","date_gmt":"2023-06-05T21:46:41","guid":{"rendered":"https:\/\/upap.mx\/?page_id=136"},"modified":"2023-06-05T15:47:39","modified_gmt":"2023-06-05T21:47:39","slug":"quienes-somos","status":"publish","type":"page","link":"https:\/\/upap.mx\/?page_id=136","title":{"rendered":"Qui\u00e9nes somos"},"content":{"rendered":"\n<p>Somos una instituci\u00f3n educativa que lleva m\u00e1s de 40 a\u00f1os apoyando a la comunidad de Pastej\u00e9, pero nada de esto ser\u00eda posible sin la filosof\u00eda del creador: Alejo Peralta y D\u00edaz Ceballos. La misi\u00f3n educativa, despu\u00e9s de tantos a\u00f1os, sigue siendo el proporcionar una educaci\u00f3n integral a los ni\u00f1os y j\u00f3venes de la regi\u00f3n mazahua sin costo alguno. La raz\u00f3n del porqu\u00e9 es muy simple, todo acto se fundamenta en ofrecer a los j\u00f3venes un incentivo educativo y laboral para que no emigren de sus poblaciones.<\/p>\n\n\n\n<p>Solo los m\u00e1s altos est\u00e1ndares de educaci\u00f3n se entregan a los estudiantes de nuestra escuela, y cada persona que pasa por nuestras puertas es motivada para alcanzar su m\u00e1ximo potencial. Entendemos que la educaci\u00f3n es un derecho y parte de un procesos de socializaci\u00f3n intencional y direccionado que busca desarrollar y potencializar en nuestros estudiantes habilidades intelectuales, emocionales y sociales para mejorar su calidad de vida.<\/p>\n\n\n\n<figure class=\"wp-block-image size-full\"><img decoding=\"async\" loading=\"lazy\" width=\"691\" height=\"691\" src=\"https:\/\/upap.mx\/wp-content\/uploads\/2023\/06\/upap.logo_-2.jpg\" alt=\"\" class=\"wp-image-140\" srcset=\"https:\/\/upap.mx\/wp-content\/uploads\/2023\/06\/upap.logo_-2.jpg 691w, https:\/\/upap.mx\/wp-content\/uploads\/2023\/06\/upap.logo_-2-300x300.jpg 300w, https:\/\/upap.mx\/wp-content\/uploads\/2023\/06\/upap.logo_-2-150x150.jpg 150w, https:\/\/upap.mx\/wp-content\/uploads\/2023\/06\/upap.logo_-2-70x70.jpg 70w, https:\/\/upap.mx\/wp-content\/uploads\/2023\/06\/upap.logo_-2-246x246.jpg 246w, https:\/\/upap.mx\/wp-content\/uploads\/2023\/06\/upap.logo_-2-276x276.jpg 276w, https:\/\/upap.mx\/wp-content\/uploads\/2023\/06\/upap.logo_-2-125x125.jpg 125w\" sizes=\"(max-width: 691px) 100vw, 691px\" \/><\/figure>\n","protected":false},"excerpt":{"rendered":"<p>Somos una instituci\u00f3n educativa que lleva m\u00e1s de 40 a\u00f1os apoyando a la comunidad de Pastej\u00e9, pero nada de esto &hellip; <\/p>\n","protected":false},"author":1,"featured_media":0,"parent":0,"menu_order":0,"comment_status":"closed","ping_status":"closed","template":"","meta":[],"_links":{"self":[{"href":"https:\/\/upap.mx\/index.php?rest_route=\/wp\/v2\/pages\/136"}],"collection":[{"href":"https:\/\/upap.mx\/index.php?rest_route=\/wp\/v2\/pages"}],"about":[{"href":"https:\/\/upap.mx\/index.php?rest_route=\/wp\/v2\/types\/page"}],"author":[{"embeddable":true,"href":"https:\/\/upap.mx\/index.php?rest_route=\/wp\/v2\/users\/1"}],"replies":[{"embeddable":true,"href":"https:\/\/upap.mx\/index.php?rest_route=%2Fwp%2Fv2%2Fcomments&post=136"}],"version-history":[{"count":2,"href":"https:\/\/upap.mx\/index.php?rest_route=\/wp\/v2\/pages\/136\/revisions"}],"predecessor-version":[{"id":141,"href":"https:\/\/upap.mx\/index.php?rest_route=\/wp\/v2\/pages\/136\/revisions\/141"}],"wp:attachment":[{"href":"https:\/\/upap.mx\/index.php?rest_route=%2Fwp%2Fv2%2Fmedia&parent=136"}],"curies":[{"name":"wp","href":"https:\/\/api.w.org\/{rel}","templated":true}]}}