{"id":2,"date":"2023-05-25T12:03:09","date_gmt":"2023-05-25T18:03:09","guid":{"rendered":"https:\/\/upap.mx\/?page_id=2"},"modified":"2023-06-05T12:45:46","modified_gmt":"2023-06-05T18:45:46","slug":"pagina-ejemplo","status":"publish","type":"page","link":"https:\/\/upap.mx\/?page_id=2","title":{"rendered":"Antecedentes"},"content":{"rendered":"<p><span data-contrast=\"auto\">Su fundaci\u00f3n se remonta a inicios de los a\u00f1os 60, en 1962 el Ing. Alejo Peralta realiza una visita a los terrenos de la hacienda Pastej\u00e9, donde decide establecer su industria.<\/span><span data-ccp-props=\"{&quot;201341983&quot;:0,&quot;335551550&quot;:6,&quot;335551620&quot;:6,&quot;335559739&quot;:160,&quot;335559740&quot;:259}\">\u00a0<\/span><\/p>\n<p><span data-contrast=\"auto\">En 1964 inician actividades las f\u00e1bricas de Pastej\u00e9 y en forma paralela el Ing. Alejo Peralta establece la Escuela de Capacitaci\u00f3n T\u00e9cnica Industrial Pastej\u00e9 (ECTIP), con instalaciones educativas en recintos de la hacienda de Pastej\u00e9 para establecerse posteriormente en instalaciones de la nave D en la Unidad Industrial, lugar donde por m\u00e1s de 15 a\u00f1os estuvo ubicada.<\/span><span data-ccp-props=\"{&quot;201341983&quot;:0,&quot;335551550&quot;:6,&quot;335551620&quot;:6,&quot;335559739&quot;:160,&quot;335559740&quot;:259}\">\u00a0<\/span><\/p>\n<p><span data-contrast=\"auto\">El desarrollo de la ECTIP con su caracter\u00edstica vinculaci\u00f3n escuela-empresa y el conocimiento de \u00e9sta por las autoridades educativas de M\u00e9xico, con la visita del presidente Luis Echeverr\u00eda y su secretario de Hacienda Jos\u00e9 L\u00f3pez Portillo, fundament\u00f3 la estructuraci\u00f3n de la educaci\u00f3n t\u00e9cnica en el pa\u00eds, siendo referente del Colegio Nacional de Educaci\u00f3n Profesional T\u00e9cnica (CONALEP).<\/span><span data-ccp-props=\"{&quot;201341983&quot;:0,&quot;335551550&quot;:6,&quot;335551620&quot;:6,&quot;335559739&quot;:160,&quot;335559740&quot;:259}\">\u00a0<\/span><\/p>\n<p><span data-contrast=\"auto\">La necesidad de fortalecer la preparaci\u00f3n b\u00e1sica de los alumnos que llegaban a la Escuela T\u00e9cnica, debido al rezago educativo existente en la<\/span> <span data-contrast=\"auto\">zona, llev\u00f3 al Ingeniero Peralta a establecer en 1974, la Primaria Pastej\u00e9, dando origen a la que en su tiempo se llam\u00f3 Unidad Educativa, buscando dar apoyo a los hijos de los trabajadores se estableci\u00f3 el horario de 8:00 a 18:00 horas de lunes a viernes y el s\u00e1bado de 8:00 a 14:00 horas, siendo precursor de lo que hoy conocemos como escuelas de tiempo completo.<\/span><span data-ccp-props=\"{&quot;201341983&quot;:0,&quot;335551550&quot;:6,&quot;335551620&quot;:6,&quot;335559739&quot;:160,&quot;335559740&quot;:259}\">\u00a0<\/span><\/p>\n<p><span data-contrast=\"auto\">El arranque de la Unidad Educativa se establece con un plan piloto de estudios para cursar la primaria en cuatro a\u00f1os, contando desde sus inicios con materias tecnol\u00f3gicas y agropecuarias que fortalec\u00edan la preparaci\u00f3n acad\u00e9mica y el aprendizaje de los alumnos, ofreciendo la inscripci\u00f3n a ni\u00f1os de la regi\u00f3n con preferencia a aquellos de escasos recursos y a hijos de padres que laboran en IUSA, lo que hasta la fecha se mantiene.<\/span><span data-ccp-props=\"{&quot;201341983&quot;:0,&quot;335551550&quot;:6,&quot;335551620&quot;:6,&quot;335559739&quot;:160,&quot;335559740&quot;:259}\">\u00a0<\/span><\/p>\n<p><span data-contrast=\"auto\">En agosto de 1978 se ampl\u00edan las instalaciones de la Unidad Educativa y se funda la Escuela Secundaria T\u00e9cnica Pastej\u00e9, recibiendo a la primera generaci\u00f3n de la Escuela Primaria, destacando que adem\u00e1s de las materias curriculares se impartieron los talleres de electricidad, dibujo t\u00e9cnico y taller de ajuste que sentaron las bases para la formaci\u00f3n t\u00e9cnica de los alumnos que continuar\u00edan sus estudios en la Escuela T\u00e9cnica Industrial Pastej\u00e9.\u00a0<\/span><span data-ccp-props=\"{&quot;201341983&quot;:0,&quot;335551550&quot;:6,&quot;335551620&quot;:6,&quot;335559739&quot;:160,&quot;335559740&quot;:259}\">\u00a0<\/span><\/p>\n<p><span data-contrast=\"auto\">Contin\u00faa el crecimiento de la Unidad Educativa y en agosto de 1981 se incorpora a sus instalaciones la Escuela T\u00e9cnica Industrial Pastej\u00e9, ampliando los talleres de dibujo t\u00e9cnico, electricidad, torno, ajuste y electr\u00f3nica.<\/span><span data-ccp-props=\"{&quot;201341983&quot;:0,&quot;335551550&quot;:6,&quot;335551620&quot;:6,&quot;335559739&quot;:160,&quot;335559740&quot;:259}\">\u00a0<\/span><\/p>\n<p><span data-contrast=\"auto\">En 1984 se adec\u00faa el nombre de la instituci\u00f3n a Unidad Educativa Ernesto Peralta en honor al hijo del Ingeniero Alejo Peralta.\u00a0<\/span><span data-ccp-props=\"{&quot;201341983&quot;:0,&quot;335551550&quot;:6,&quot;335551620&quot;:6,&quot;335559739&quot;:160,&quot;335559740&quot;:259}\">\u00a0<\/span><\/p>\n<p><span data-contrast=\"auto\">En 1988 inician las actividades de Educaci\u00f3n Preescolar complementando as\u00ed el esquema de estudios de Educaci\u00f3n B\u00e1sica y Media Superior.<\/span><span data-ccp-props=\"{&quot;201341983&quot;:0,&quot;335551550&quot;:6,&quot;335551620&quot;:6,&quot;335559739&quot;:160,&quot;335559740&quot;:259}\">\u00a0<\/span><\/p>\n<p><span data-contrast=\"auto\">En 1993 los estudios de Profesional T\u00e9cnico de la Unidad Educativa Ernesto Peralta son reconocidos por el CONALEP, reconocimiento que se mantuvo hasta el a\u00f1o 2001.<\/span><span data-ccp-props=\"{&quot;201341983&quot;:0,&quot;335551550&quot;:6,&quot;335551620&quot;:6,&quot;335559739&quot;:160,&quot;335559740&quot;:259}\">\u00a0<\/span><\/p>\n<p><span data-contrast=\"auto\">En el ciclo escolar 2000-2001 el Instituto Polit\u00e9cnico Nacional otorga REVOE a la Unidad Educativa Ernesto Peralta en Educaci\u00f3n Media Superior con las carreras de T\u00e9cnico Metal\u00fargico, T\u00e9cnico en Procesos de Manufactura, T\u00e9cnico Mecatr\u00f3nico y T\u00e9cnico Electromec\u00e1nico, de igual forma, la Secretar\u00eda de Educaci\u00f3n del Estado de M\u00e9xico le reconoce estudios de Bachillerato Tecnol\u00f3gico con las carreras de T\u00e9cnico Electromec\u00e1nico y T\u00e9cnico Electr\u00f3nico.\u00a0<\/span><span data-ccp-props=\"{&quot;201341983&quot;:0,&quot;335551550&quot;:6,&quot;335551620&quot;:6,&quot;335559739&quot;:160,&quot;335559740&quot;:259}\">\u00a0<\/span><\/p>\n<p><span data-contrast=\"auto\">Es en este ciclo escolar cuando se modifica el nombre de este complejo educativo por Unidad Pedag\u00f3gica Alejo Peralta (UPAP).<\/span><span data-ccp-props=\"{&quot;201341983&quot;:0,&quot;335551550&quot;:6,&quot;335551620&quot;:6,&quot;335559739&quot;:160,&quot;335559740&quot;:259}\">\u00a0<\/span><\/p>\n<p><span data-contrast=\"auto\">En el ciclo escolar 2004-2005, SEIEM otorga REVOE a los estudios de Preescolar con el nombre de Jard\u00edn de Ni\u00f1os Ing. Alejo Peralta Y Diaz Ceballos.<\/span><span data-ccp-props=\"{&quot;201341983&quot;:0,&quot;335551550&quot;:6,&quot;335551620&quot;:6,&quot;335559739&quot;:160,&quot;335559740&quot;:259}\">\u00a0<\/span><\/p>\n<p><span data-contrast=\"auto\">En la actualidad la UPAP se integra por:\u00a0<\/span><span data-ccp-props=\"{&quot;201341983&quot;:0,&quot;335551550&quot;:6,&quot;335551620&quot;:6,&quot;335559739&quot;:160,&quot;335559740&quot;:259}\">\u00a0<\/span><\/p>\n<ul>\n<li data-leveltext=\"\uf076\" data-font=\"Wingdings\" data-listid=\"52\" data-list-defn-props=\"{&quot;335552541&quot;:1,&quot;335559684&quot;:-2,&quot;335559685&quot;:720,&quot;335559991&quot;:360,&quot;469769226&quot;:&quot;Wingdings&quot;,&quot;469769242&quot;:[8226],&quot;469777803&quot;:&quot;left&quot;,&quot;469777804&quot;:&quot;\uf076&quot;,&quot;469777815&quot;:&quot;hybridMultilevel&quot;}\" aria-setsize=\"-1\" data-aria-posinset=\"1\" data-aria-level=\"1\"><span data-contrast=\"auto\">Jard\u00edn de Ni\u00f1os Ing. Alejo Peralta Y Diaz Ceballos<\/span><span data-ccp-props=\"{&quot;201341983&quot;:0,&quot;335551550&quot;:6,&quot;335551620&quot;:6,&quot;335559739&quot;:160,&quot;335559740&quot;:259}\">\u00a0<\/span><\/li>\n<li data-leveltext=\"\uf076\" data-font=\"Wingdings\" data-listid=\"52\" data-list-defn-props=\"{&quot;335552541&quot;:1,&quot;335559684&quot;:-2,&quot;335559685&quot;:720,&quot;335559991&quot;:360,&quot;469769226&quot;:&quot;Wingdings&quot;,&quot;469769242&quot;:[8226],&quot;469777803&quot;:&quot;left&quot;,&quot;469777804&quot;:&quot;\uf076&quot;,&quot;469777815&quot;:&quot;hybridMultilevel&quot;}\" aria-setsize=\"-1\" data-aria-posinset=\"2\" data-aria-level=\"1\"><span data-contrast=\"auto\">Primaria Pastej\u00e9\u00a0\u00a0<\/span><span data-ccp-props=\"{&quot;201341983&quot;:0,&quot;335551550&quot;:6,&quot;335551620&quot;:6,&quot;335559739&quot;:160,&quot;335559740&quot;:259}\">\u00a0<\/span><\/li>\n<li data-leveltext=\"\uf076\" data-font=\"Wingdings\" data-listid=\"52\" data-list-defn-props=\"{&quot;335552541&quot;:1,&quot;335559684&quot;:-2,&quot;335559685&quot;:720,&quot;335559991&quot;:360,&quot;469769226&quot;:&quot;Wingdings&quot;,&quot;469769242&quot;:[8226],&quot;469777803&quot;:&quot;left&quot;,&quot;469777804&quot;:&quot;\uf076&quot;,&quot;469777815&quot;:&quot;hybridMultilevel&quot;}\" aria-setsize=\"-1\" data-aria-posinset=\"3\" data-aria-level=\"1\"><span data-contrast=\"auto\">Secundaria T\u00e9cnica Pastej\u00e9\u00a0 36P<\/span><span data-ccp-props=\"{&quot;201341983&quot;:0,&quot;335551550&quot;:6,&quot;335551620&quot;:6,&quot;335559739&quot;:160,&quot;335559740&quot;:259}\">\u00a0<\/span><\/li>\n<\/ul>\n<ul>\n<li data-leveltext=\"\uf076\" data-font=\"Wingdings\" data-listid=\"52\" data-list-defn-props=\"{&quot;335552541&quot;:1,&quot;335559684&quot;:-2,&quot;335559685&quot;:720,&quot;335559991&quot;:360,&quot;469769226&quot;:&quot;Wingdings&quot;,&quot;469769242&quot;:[8226],&quot;469777803&quot;:&quot;left&quot;,&quot;469777804&quot;:&quot;\uf076&quot;,&quot;469777815&quot;:&quot;hybridMultilevel&quot;}\" aria-setsize=\"-1\" data-aria-posinset=\"1\" data-aria-level=\"1\"><span data-contrast=\"auto\">Bachillerato Tecnol\u00f3gico Unidad Educativa Ernesto Peralta\u00a0<\/span><span data-ccp-props=\"{&quot;201341983&quot;:0,&quot;335551550&quot;:6,&quot;335551620&quot;:6,&quot;335559739&quot;:160,&quot;335559740&quot;:259}\">\u00a0<\/span><\/li>\n<\/ul>\n","protected":false},"excerpt":{"rendered":"<p>Su fundaci\u00f3n se remonta a inicios de los a\u00f1os 60, en 1962 el Ing. Alejo Peralta realiza una visita a &hellip; <\/p>\n","protected":false},"author":1,"featured_media":0,"parent":0,"menu_order":0,"comment_status":"closed","ping_status":"open","template":"","meta":[],"_links":{"self":[{"href":"https:\/\/upap.mx\/index.php?rest_route=\/wp\/v2\/pages\/2"}],"collection":[{"href":"https:\/\/upap.mx\/index.php?rest_route=\/wp\/v2\/pages"}],"about":[{"href":"https:\/\/upap.mx\/index.php?rest_route=\/wp\/v2\/types\/page"}],"author":[{"embeddable":true,"href":"https:\/\/upap.mx\/index.php?rest_route=\/wp\/v2\/users\/1"}],"replies":[{"embeddable":true,"href":"https:\/\/upap.mx\/index.php?rest_route=%2Fwp%2Fv2%2Fcomments&post=2"}],"version-history":[{"count":1,"href":"https:\/\/upap.mx\/index.php?rest_route=\/wp\/v2\/pages\/2\/revisions"}],"predecessor-version":[{"id":47,"href":"https:\/\/upap.mx\/index.php?rest_route=\/wp\/v2\/pages\/2\/revisions\/47"}],"wp:attachment":[{"href":"https:\/\/upap.mx\/index.php?rest_route=%2Fwp%2Fv2%2Fmedia&parent=2"}],"curies":[{"name":"wp","href":"https:\/\/api.w.org\/{rel}","templated":true}]}}