{"id":65,"date":"2023-06-05T13:11:01","date_gmt":"2023-06-05T19:11:01","guid":{"rendered":"https:\/\/upap.mx\/?page_id=65"},"modified":"2023-06-05T13:11:17","modified_gmt":"2023-06-05T19:11:17","slug":"mision","status":"publish","type":"page","link":"https:\/\/upap.mx\/?page_id=65","title":{"rendered":"Misi\u00f3n"},"content":{"rendered":"\n<p>Educar y formar (integralmente) a nuestros alumnos para el liderazgo t\u00e9cnico de compromiso social, viviendo los valores del humanismo, a trav\u00e9s de una atenci\u00f3n personalizada, y mediante la aplicaci\u00f3n de los programas oficiales autorizados por la Secretar\u00eda de Educaci\u00f3n P\u00fablica con calendarios extensivos e intensivos de desarrollo integral, que respondan con calidad a las necesidades y exigencias de nuestro tiempo.\u00a0<\/p>\n","protected":false},"excerpt":{"rendered":"<p>Educar y formar (integralmente) a nuestros alumnos para el liderazgo t\u00e9cnico de compromiso social, viviendo los valores del humanismo, a &hellip; <\/p>\n","protected":false},"author":1,"featured_media":0,"parent":0,"menu_order":0,"comment_status":"closed","ping_status":"closed","template":"","meta":[],"_links":{"self":[{"href":"https:\/\/upap.mx\/index.php?rest_route=\/wp\/v2\/pages\/65"}],"collection":[{"href":"https:\/\/upap.mx\/index.php?rest_route=\/wp\/v2\/pages"}],"about":[{"href":"https:\/\/upap.mx\/index.php?rest_route=\/wp\/v2\/types\/page"}],"author":[{"embeddable":true,"href":"https:\/\/upap.mx\/index.php?rest_route=\/wp\/v2\/users\/1"}],"replies":[{"embeddable":true,"href":"https:\/\/upap.mx\/index.php?rest_route=%2Fwp%2Fv2%2Fcomments&post=65"}],"version-history":[{"count":2,"href":"https:\/\/upap.mx\/index.php?rest_route=\/wp\/v2\/pages\/65\/revisions"}],"predecessor-version":[{"id":72,"href":"https:\/\/upap.mx\/index.php?rest_route=\/wp\/v2\/pages\/65\/revisions\/72"}],"wp:attachment":[{"href":"https:\/\/upap.mx\/index.php?rest_route=%2Fwp%2Fv2%2Fmedia&parent=65"}],"curies":[{"name":"wp","href":"https:\/\/api.w.org\/{rel}","templated":true}]}}