{"id":93,"date":"2023-06-05T13:36:48","date_gmt":"2023-06-05T19:36:48","guid":{"rendered":"https:\/\/upap.mx\/?page_id=93"},"modified":"2025-10-16T09:53:45","modified_gmt":"2025-10-16T15:53:45","slug":"implementacion-tecnologica","status":"publish","type":"page","link":"https:\/\/upap.mx\/?page_id=93","title":{"rendered":"Modelo educativo"},"content":{"rendered":"\n<p><strong>Implementaci\u00f3n tecnol\u00f3gica<\/strong><\/p>\n\n\n\n<p>Nuestra instituci\u00f3n es pionera en el uso de tecnolog\u00eda aplicada en el aula, lo cual ha brindado desarrollo profesional y acad\u00e9mico a docentes y estudiantes. Todos los miembros de la comunidad escolar cuentan con acceso a internet y dispositivos digitales los cuales han favorecido a potencializar el aprendizaje de nuestros estudiantes. <\/p>\n\n\n\n<p><strong>Programas Microsoft<\/strong><\/p>\n\n\n\n<p><strong>Showcase School<\/strong><\/p>\n\n\n\n<p>El programa Microsoft Showcase Schools es un programa de transformaci\u00f3n escolar y una comunidad global de escuelas pioneras de todo el mundo. El programa es una oportunidad para interactuar con Microsoft y con directores de centros educativos de todo el mundo con una mentalidad parecida para profundizar y ampliar la transformaci\u00f3n de la educaci\u00f3n mediante el Marco de Transformaci\u00f3n Educativa de Microsoft. Showcase Schools crean experiencias centradas en los alumnos, envolventes e inclusivas que inspiran el aprendizaje permanente, estimulando el desarrollo de aptitudes esenciales preparadas para el futuro para que los alumnos puedan lograr m\u00e1s. <\/p>\n\n\n\n<p>La UPAP ha tenido participaci\u00f3n en el programa desde 2015, siendo la primer escuela en M\u00e9xico en pertenecer al Learning Path de nivel internacional. Actualmente somos una Showcase School desde el 2020 reconocida por desarrollar un modelo tecno pedag\u00f3gico centrado en el estudiante.<\/p>\n\n\n\n<figure class=\"wp-block-image size-large\"><img decoding=\"async\" loading=\"lazy\" width=\"1024\" height=\"1024\" src=\"https:\/\/upap.mx\/wp-content\/uploads\/2025\/10\/microsoft-showcase-school-2025-2026-1024x1024.png\" alt=\"\" class=\"wp-image-181\" srcset=\"https:\/\/upap.mx\/wp-content\/uploads\/2025\/10\/microsoft-showcase-school-2025-2026-1024x1024.png 1024w, https:\/\/upap.mx\/wp-content\/uploads\/2025\/10\/microsoft-showcase-school-2025-2026-300x300.png 300w, https:\/\/upap.mx\/wp-content\/uploads\/2025\/10\/microsoft-showcase-school-2025-2026-150x150.png 150w, https:\/\/upap.mx\/wp-content\/uploads\/2025\/10\/microsoft-showcase-school-2025-2026-768x768.png 768w, https:\/\/upap.mx\/wp-content\/uploads\/2025\/10\/microsoft-showcase-school-2025-2026-1536x1536.png 1536w, https:\/\/upap.mx\/wp-content\/uploads\/2025\/10\/microsoft-showcase-school-2025-2026-70x70.png 70w, https:\/\/upap.mx\/wp-content\/uploads\/2025\/10\/microsoft-showcase-school-2025-2026-246x246.png 246w, https:\/\/upap.mx\/wp-content\/uploads\/2025\/10\/microsoft-showcase-school-2025-2026-276x276.png 276w, https:\/\/upap.mx\/wp-content\/uploads\/2025\/10\/microsoft-showcase-school-2025-2026-125x125.png 125w, https:\/\/upap.mx\/wp-content\/uploads\/2025\/10\/microsoft-showcase-school-2025-2026.png 2000w\" sizes=\"(max-width: 1024px) 100vw, 1024px\" \/><\/figure>\n\n\n\n<p><strong>MIE Expert<\/strong><\/p>\n\n\n\n<p>Microsoft Innovative Educator (MIEE) es un programa creado para reconocer visionarios formadores globales con iniciativa propia a los que les entusiasme la ense\u00f1anza y el aprendizaje, que inspiren a los alumnos con ideas creativas y que trabajen con un esp\u00edritu realmente colaborativo para compartir su aprendizaje con el mundo.<\/p>\n\n\n\n<p>Nuestros docentes son capacitados en el uso de herramientas tecnol\u00f3gicas con las cuales puedan alcanzar los objetivos nacionales e internacionales en educaci\u00f3n y tecnolog\u00eda, por ello, est\u00e1n en constante capacitaci\u00f3n que les permita alcanzar el reconocimiento de Microsoft.<\/p>\n\n\n\n<figure class=\"wp-block-image size-large\"><img decoding=\"async\" loading=\"lazy\" width=\"1024\" height=\"1024\" src=\"https:\/\/upap.mx\/wp-content\/uploads\/2025\/10\/microsoft-innovative-educator-expert-2025-2026-1024x1024.png\" alt=\"\" class=\"wp-image-182\" srcset=\"https:\/\/upap.mx\/wp-content\/uploads\/2025\/10\/microsoft-innovative-educator-expert-2025-2026-1024x1024.png 1024w, https:\/\/upap.mx\/wp-content\/uploads\/2025\/10\/microsoft-innovative-educator-expert-2025-2026-300x300.png 300w, https:\/\/upap.mx\/wp-content\/uploads\/2025\/10\/microsoft-innovative-educator-expert-2025-2026-150x150.png 150w, https:\/\/upap.mx\/wp-content\/uploads\/2025\/10\/microsoft-innovative-educator-expert-2025-2026-768x768.png 768w, https:\/\/upap.mx\/wp-content\/uploads\/2025\/10\/microsoft-innovative-educator-expert-2025-2026-1536x1536.png 1536w, https:\/\/upap.mx\/wp-content\/uploads\/2025\/10\/microsoft-innovative-educator-expert-2025-2026-70x70.png 70w, https:\/\/upap.mx\/wp-content\/uploads\/2025\/10\/microsoft-innovative-educator-expert-2025-2026-246x246.png 246w, https:\/\/upap.mx\/wp-content\/uploads\/2025\/10\/microsoft-innovative-educator-expert-2025-2026-276x276.png 276w, https:\/\/upap.mx\/wp-content\/uploads\/2025\/10\/microsoft-innovative-educator-expert-2025-2026-125x125.png 125w, https:\/\/upap.mx\/wp-content\/uploads\/2025\/10\/microsoft-innovative-educator-expert-2025-2026.png 2000w\" sizes=\"(max-width: 1024px) 100vw, 1024px\" \/><\/figure>\n","protected":false},"excerpt":{"rendered":"<p>Implementaci\u00f3n tecnol\u00f3gica Nuestra instituci\u00f3n es pionera en el uso de tecnolog\u00eda aplicada en el aula, lo cual ha brindado desarrollo &hellip; <\/p>\n","protected":false},"author":1,"featured_media":0,"parent":0,"menu_order":0,"comment_status":"closed","ping_status":"closed","template":"","meta":[],"_links":{"self":[{"href":"https:\/\/upap.mx\/index.php?rest_route=\/wp\/v2\/pages\/93"}],"collection":[{"href":"https:\/\/upap.mx\/index.php?rest_route=\/wp\/v2\/pages"}],"about":[{"href":"https:\/\/upap.mx\/index.php?rest_route=\/wp\/v2\/types\/page"}],"author":[{"embeddable":true,"href":"https:\/\/upap.mx\/index.php?rest_route=\/wp\/v2\/users\/1"}],"replies":[{"embeddable":true,"href":"https:\/\/upap.mx\/index.php?rest_route=%2Fwp%2Fv2%2Fcomments&post=93"}],"version-history":[{"count":7,"href":"https:\/\/upap.mx\/index.php?rest_route=\/wp\/v2\/pages\/93\/revisions"}],"predecessor-version":[{"id":185,"href":"https:\/\/upap.mx\/index.php?rest_route=\/wp\/v2\/pages\/93\/revisions\/185"}],"wp:attachment":[{"href":"https:\/\/upap.mx\/index.php?rest_route=%2Fwp%2Fv2%2Fmedia&parent=93"}],"curies":[{"name":"wp","href":"https:\/\/api.w.org\/{rel}","templated":true}]}}